{"id":35,"date":"2024-11-08T11:21:34","date_gmt":"2024-11-08T11:21:34","guid":{"rendered":"https:\/\/bilimhane.org\/?page_id=35"},"modified":"2024-11-08T11:21:34","modified_gmt":"2024-11-08T11:21:34","slug":"bilimsel-etkinlikler","status":"publish","type":"page","link":"https:\/\/bilimhane.org\/index.php\/bilimsel-etkinlikler\/","title":{"rendered":"Bilimsel Etkinlikler"},"content":{"rendered":"<p>Bilimhane, bilim d\u00fcnyas\u0131n\u0131 bir araya getiren konferanslar, seminerler, \u00e7al\u0131\u015ftaylar ve at\u00f6lyeler d\u00fczenlemektedir. Bu etkinlikler, bilimsel bilgi ve becerilerin geli\u015ftirilmesine katk\u0131 sa\u011flarken, kat\u0131l\u0131mc\u0131lara g\u00fcncel ara\u015ft\u0131rma konular\u0131nda bilgi edinme ve bilim insanlar\u0131yla tan\u0131\u015fma f\u0131rsat\u0131 sunmaktad\u0131r.<\/p>\n","protected":false},"excerpt":{"rendered":"<p>Bilimhane, bilim d\u00fcnyas\u0131n\u0131 bir araya getiren konferanslar, seminerler, \u00e7al\u0131\u015ftaylar ve at\u00f6lyeler d\u00fczenlemektedir. Bu etkinlikler, bilimsel bilgi ve becerilerin geli\u015ftirilmesine katk\u0131 sa\u011flarken, kat\u0131l\u0131mc\u0131lara g\u00fcncel ara\u015ft\u0131rma konular\u0131nda bilgi edinme ve bilim insanlar\u0131yla tan\u0131\u015fma f\u0131rsat\u0131 sunmaktad\u0131r.<\/p>\n","protected":false},"author":2,"featured_media":0,"parent":0,"menu_order":0,"comment_status":"closed","ping_status":"closed","template":"","meta":{"footnotes":""},"class_list":["post-35","page","type-page","status-publish","czr-hentry"],"_links":{"self":[{"href":"https:\/\/bilimhane.org\/index.php\/wp-json\/wp\/v2\/pages\/35","targetHints":{"allow":["GET"]}}],"collection":[{"href":"https:\/\/bilimhane.org\/index.php\/wp-json\/wp\/v2\/pages"}],"about":[{"href":"https:\/\/bilimhane.org\/index.php\/wp-json\/wp\/v2\/types\/page"}],"author":[{"embeddable":true,"href":"https:\/\/bilimhane.org\/index.php\/wp-json\/wp\/v2\/users\/2"}],"replies":[{"embeddable":true,"href":"https:\/\/bilimhane.org\/index.php\/wp-json\/wp\/v2\/comments?post=35"}],"version-history":[{"count":1,"href":"https:\/\/bilimhane.org\/index.php\/wp-json\/wp\/v2\/pages\/35\/revisions"}],"predecessor-version":[{"id":36,"href":"https:\/\/bilimhane.org\/index.php\/wp-json\/wp\/v2\/pages\/35\/revisions\/36"}],"wp:attachment":[{"href":"https:\/\/bilimhane.org\/index.php\/wp-json\/wp\/v2\/media?parent=35"}],"curies":[{"name":"wp","href":"https:\/\/api.w.org\/{rel}","templated":true}]}}