{"id":37,"date":"2024-11-08T11:21:54","date_gmt":"2024-11-08T11:21:54","guid":{"rendered":"https:\/\/bilimhane.org\/?page_id=37"},"modified":"2024-11-08T11:21:54","modified_gmt":"2024-11-08T11:21:54","slug":"arastirma-calismalari","status":"publish","type":"page","link":"https:\/\/bilimhane.org\/index.php\/arastirma-calismalari\/","title":{"rendered":"Ara\u015ft\u0131rma \u00c7al\u0131\u015fmalar\u0131"},"content":{"rendered":"<p>Bilimhane, disiplinler aras\u0131 bilimsel ara\u015ft\u0131rmalar\u0131 destekleyerek bilgi \u00fcretimini te\u015fvik etmektedir. \u00dcyelerimizin \u00f6nc\u00fcl\u00fc\u011f\u00fcnde y\u00fcr\u00fct\u00fclen projeler, \u00e7e\u015fitli bilim alanlar\u0131ndaki yenilikleri ke\u015ffetmekte ve bilim d\u00fcnyas\u0131na katk\u0131 sunmaktad\u0131r. Ara\u015ft\u0131rmalar\u0131m\u0131z, bilimsel metodolojiye dayal\u0131 sa\u011flam veriler ve analizlerle y\u00fcr\u00fct\u00fclmektedir.<\/p>\n","protected":false},"excerpt":{"rendered":"<p>Bilimhane, disiplinler aras\u0131 bilimsel ara\u015ft\u0131rmalar\u0131 destekleyerek bilgi \u00fcretimini te\u015fvik etmektedir. \u00dcyelerimizin \u00f6nc\u00fcl\u00fc\u011f\u00fcnde y\u00fcr\u00fct\u00fclen projeler, \u00e7e\u015fitli bilim alanlar\u0131ndaki yenilikleri ke\u015ffetmekte ve bilim d\u00fcnyas\u0131na katk\u0131 sunmaktad\u0131r. Ara\u015ft\u0131rmalar\u0131m\u0131z, bilimsel metodolojiye dayal\u0131 sa\u011flam veriler ve analizlerle y\u00fcr\u00fct\u00fclmektedir.<\/p>\n","protected":false},"author":2,"featured_media":0,"parent":0,"menu_order":0,"comment_status":"closed","ping_status":"closed","template":"","meta":{"footnotes":""},"class_list":["post-37","page","type-page","status-publish","czr-hentry"],"_links":{"self":[{"href":"https:\/\/bilimhane.org\/index.php\/wp-json\/wp\/v2\/pages\/37","targetHints":{"allow":["GET"]}}],"collection":[{"href":"https:\/\/bilimhane.org\/index.php\/wp-json\/wp\/v2\/pages"}],"about":[{"href":"https:\/\/bilimhane.org\/index.php\/wp-json\/wp\/v2\/types\/page"}],"author":[{"embeddable":true,"href":"https:\/\/bilimhane.org\/index.php\/wp-json\/wp\/v2\/users\/2"}],"replies":[{"embeddable":true,"href":"https:\/\/bilimhane.org\/index.php\/wp-json\/wp\/v2\/comments?post=37"}],"version-history":[{"count":1,"href":"https:\/\/bilimhane.org\/index.php\/wp-json\/wp\/v2\/pages\/37\/revisions"}],"predecessor-version":[{"id":38,"href":"https:\/\/bilimhane.org\/index.php\/wp-json\/wp\/v2\/pages\/37\/revisions\/38"}],"wp:attachment":[{"href":"https:\/\/bilimhane.org\/index.php\/wp-json\/wp\/v2\/media?parent=37"}],"curies":[{"name":"wp","href":"https:\/\/api.w.org\/{rel}","templated":true}]}}