{"id":41,"date":"2024-11-08T11:22:24","date_gmt":"2024-11-08T11:22:24","guid":{"rendered":"https:\/\/bilimhane.org\/?page_id=41"},"modified":"2024-11-08T11:22:24","modified_gmt":"2024-11-08T11:22:24","slug":"uyelik-ve-katilim-surecleri","status":"publish","type":"page","link":"https:\/\/bilimhane.org\/index.php\/uyelik-ve-katilim-surecleri\/","title":{"rendered":"\u00dcyelik ve Kat\u0131l\u0131m S\u00fcre\u00e7leri"},"content":{"rendered":"<p>Bilimhane ailesine kat\u0131lmak isteyen bilim merakl\u0131lar\u0131na, akademisyenlere ve \u00f6\u011frencilere \u00f6zel \u00fcyelik se\u00e7enekleri sunmaktay\u0131z. \u00dcyelerimiz, Bilimhane\u2019nin d\u00fczenledi\u011fi etkinliklerden ve projelerden faydalanarak bilimsel geli\u015fimlerine katk\u0131 sa\u011flayabilir. \u00dcyelik s\u00fcrecimiz hakk\u0131nda detayl\u0131 bilgiye bu b\u00f6l\u00fcmden ula\u015fabilirsiniz.<\/p>\n","protected":false},"excerpt":{"rendered":"<p>Bilimhane ailesine kat\u0131lmak isteyen bilim merakl\u0131lar\u0131na, akademisyenlere ve \u00f6\u011frencilere \u00f6zel \u00fcyelik se\u00e7enekleri sunmaktay\u0131z. \u00dcyelerimiz, Bilimhane\u2019nin d\u00fczenledi\u011fi etkinliklerden ve projelerden faydalanarak bilimsel geli\u015fimlerine katk\u0131 sa\u011flayabilir. \u00dcyelik s\u00fcrecimiz hakk\u0131nda detayl\u0131 bilgiye bu b\u00f6l\u00fcmden ula\u015fabilirsiniz.<\/p>\n","protected":false},"author":2,"featured_media":0,"parent":0,"menu_order":0,"comment_status":"closed","ping_status":"closed","template":"","meta":{"footnotes":""},"class_list":["post-41","page","type-page","status-publish","czr-hentry"],"_links":{"self":[{"href":"https:\/\/bilimhane.org\/index.php\/wp-json\/wp\/v2\/pages\/41","targetHints":{"allow":["GET"]}}],"collection":[{"href":"https:\/\/bilimhane.org\/index.php\/wp-json\/wp\/v2\/pages"}],"about":[{"href":"https:\/\/bilimhane.org\/index.php\/wp-json\/wp\/v2\/types\/page"}],"author":[{"embeddable":true,"href":"https:\/\/bilimhane.org\/index.php\/wp-json\/wp\/v2\/users\/2"}],"replies":[{"embeddable":true,"href":"https:\/\/bilimhane.org\/index.php\/wp-json\/wp\/v2\/comments?post=41"}],"version-history":[{"count":1,"href":"https:\/\/bilimhane.org\/index.php\/wp-json\/wp\/v2\/pages\/41\/revisions"}],"predecessor-version":[{"id":42,"href":"https:\/\/bilimhane.org\/index.php\/wp-json\/wp\/v2\/pages\/41\/revisions\/42"}],"wp:attachment":[{"href":"https:\/\/bilimhane.org\/index.php\/wp-json\/wp\/v2\/media?parent=41"}],"curies":[{"name":"wp","href":"https:\/\/api.w.org\/{rel}","templated":true}]}}