{"id":43,"date":"2024-11-08T11:22:40","date_gmt":"2024-11-08T11:22:40","guid":{"rendered":"https:\/\/bilimhane.org\/?page_id=43"},"modified":"2024-11-08T11:22:40","modified_gmt":"2024-11-08T11:22:40","slug":"proje-destek-programlari","status":"publish","type":"page","link":"https:\/\/bilimhane.org\/index.php\/proje-destek-programlari\/","title":{"rendered":"Proje Destek Programlar\u0131"},"content":{"rendered":"<p>Bilimhane, bilimsel projelere maddi ve manevi destek sa\u011flayarak bilimsel ara\u015ft\u0131rmalar\u0131 te\u015fvik etmektedir. Hibe ve fon programlar\u0131m\u0131zla, bilim insanlar\u0131n\u0131n yenilik\u00e7i fikirlerini hayata ge\u00e7irmelerine yard\u0131mc\u0131 olmaktay\u0131z. Ba\u015fvuru s\u00fcreci ve destek kriterleri hakk\u0131nda bilgilere bu b\u00f6l\u00fcmden ula\u015fabilirsiniz<\/p>\n","protected":false},"excerpt":{"rendered":"<p>Bilimhane, bilimsel projelere maddi ve manevi destek sa\u011flayarak bilimsel ara\u015ft\u0131rmalar\u0131 te\u015fvik etmektedir. Hibe ve fon programlar\u0131m\u0131zla, bilim insanlar\u0131n\u0131n yenilik\u00e7i fikirlerini hayata ge\u00e7irmelerine yard\u0131mc\u0131 olmaktay\u0131z. Ba\u015fvuru s\u00fcreci ve destek kriterleri hakk\u0131nda bilgilere bu b\u00f6l\u00fcmden ula\u015fabilirsiniz<\/p>\n","protected":false},"author":2,"featured_media":0,"parent":0,"menu_order":0,"comment_status":"closed","ping_status":"closed","template":"","meta":{"footnotes":""},"class_list":["post-43","page","type-page","status-publish","czr-hentry"],"_links":{"self":[{"href":"https:\/\/bilimhane.org\/index.php\/wp-json\/wp\/v2\/pages\/43","targetHints":{"allow":["GET"]}}],"collection":[{"href":"https:\/\/bilimhane.org\/index.php\/wp-json\/wp\/v2\/pages"}],"about":[{"href":"https:\/\/bilimhane.org\/index.php\/wp-json\/wp\/v2\/types\/page"}],"author":[{"embeddable":true,"href":"https:\/\/bilimhane.org\/index.php\/wp-json\/wp\/v2\/users\/2"}],"replies":[{"embeddable":true,"href":"https:\/\/bilimhane.org\/index.php\/wp-json\/wp\/v2\/comments?post=43"}],"version-history":[{"count":1,"href":"https:\/\/bilimhane.org\/index.php\/wp-json\/wp\/v2\/pages\/43\/revisions"}],"predecessor-version":[{"id":44,"href":"https:\/\/bilimhane.org\/index.php\/wp-json\/wp\/v2\/pages\/43\/revisions\/44"}],"wp:attachment":[{"href":"https:\/\/bilimhane.org\/index.php\/wp-json\/wp\/v2\/media?parent=43"}],"curies":[{"name":"wp","href":"https:\/\/api.w.org\/{rel}","templated":true}]}}