{"id":45,"date":"2024-11-08T11:22:53","date_gmt":"2024-11-08T11:22:53","guid":{"rendered":"https:\/\/bilimhane.org\/?page_id=45"},"modified":"2024-11-08T11:22:53","modified_gmt":"2024-11-08T11:22:53","slug":"bilimsel-is-birlikleri","status":"publish","type":"page","link":"https:\/\/bilimhane.org\/index.php\/bilimsel-is-birlikleri\/","title":{"rendered":"Bilimsel \u0130\u015f Birlikleri"},"content":{"rendered":"<p>Bilimhane, bilimsel kurulu\u015flarla ortak \u00e7al\u0131\u015fmalar ve i\u015f birlikleri yaparak g\u00fc\u00e7 birli\u011fi sa\u011flamaktad\u0131r. Ortak projelerle bilime katk\u0131 sunan bu i\u015f birlikleri, Bilimhane&#8217;nin daha geni\u015f bir etki alan\u0131na sahip olmas\u0131na imkan tan\u0131maktad\u0131r.<\/p>\n","protected":false},"excerpt":{"rendered":"<p>Bilimhane, bilimsel kurulu\u015flarla ortak \u00e7al\u0131\u015fmalar ve i\u015f birlikleri yaparak g\u00fc\u00e7 birli\u011fi sa\u011flamaktad\u0131r. Ortak projelerle bilime katk\u0131 sunan bu i\u015f birlikleri, Bilimhane&#8217;nin daha geni\u015f bir etki alan\u0131na sahip olmas\u0131na imkan tan\u0131maktad\u0131r.<\/p>\n","protected":false},"author":2,"featured_media":0,"parent":0,"menu_order":0,"comment_status":"closed","ping_status":"closed","template":"","meta":{"footnotes":""},"class_list":["post-45","page","type-page","status-publish","czr-hentry"],"_links":{"self":[{"href":"https:\/\/bilimhane.org\/index.php\/wp-json\/wp\/v2\/pages\/45","targetHints":{"allow":["GET"]}}],"collection":[{"href":"https:\/\/bilimhane.org\/index.php\/wp-json\/wp\/v2\/pages"}],"about":[{"href":"https:\/\/bilimhane.org\/index.php\/wp-json\/wp\/v2\/types\/page"}],"author":[{"embeddable":true,"href":"https:\/\/bilimhane.org\/index.php\/wp-json\/wp\/v2\/users\/2"}],"replies":[{"embeddable":true,"href":"https:\/\/bilimhane.org\/index.php\/wp-json\/wp\/v2\/comments?post=45"}],"version-history":[{"count":1,"href":"https:\/\/bilimhane.org\/index.php\/wp-json\/wp\/v2\/pages\/45\/revisions"}],"predecessor-version":[{"id":46,"href":"https:\/\/bilimhane.org\/index.php\/wp-json\/wp\/v2\/pages\/45\/revisions\/46"}],"wp:attachment":[{"href":"https:\/\/bilimhane.org\/index.php\/wp-json\/wp\/v2\/media?parent=45"}],"curies":[{"name":"wp","href":"https:\/\/api.w.org\/{rel}","templated":true}]}}