{"id":47,"date":"2024-11-08T11:23:12","date_gmt":"2024-11-08T11:23:12","guid":{"rendered":"https:\/\/bilimhane.org\/?page_id=47"},"modified":"2024-11-08T11:23:12","modified_gmt":"2024-11-08T11:23:12","slug":"kaynak-ve-veri-bankasi","status":"publish","type":"page","link":"https:\/\/bilimhane.org\/index.php\/kaynak-ve-veri-bankasi\/","title":{"rendered":"Kaynak ve Veri Bankas\u0131"},"content":{"rendered":"<p>Bilimhane, ara\u015ft\u0131rmac\u0131lar\u0131n \u00e7al\u0131\u015fmalar\u0131n\u0131 desteklemek amac\u0131yla kapsaml\u0131 bir kaynak ve veri bankas\u0131 olu\u015fturmaktad\u0131r. Veri setleri, bilimsel literat\u00fcr taramalar\u0131 ve analiz ara\u00e7lar\u0131 gibi kaynaklar, ara\u015ft\u0131rmac\u0131lara bilimsel \u00e7al\u0131\u015fmalar\u0131nda yol g\u00f6stermektedir.<\/p>\n","protected":false},"excerpt":{"rendered":"<p>Bilimhane, ara\u015ft\u0131rmac\u0131lar\u0131n \u00e7al\u0131\u015fmalar\u0131n\u0131 desteklemek amac\u0131yla kapsaml\u0131 bir kaynak ve veri bankas\u0131 olu\u015fturmaktad\u0131r. Veri setleri, bilimsel literat\u00fcr taramalar\u0131 ve analiz ara\u00e7lar\u0131 gibi kaynaklar, ara\u015ft\u0131rmac\u0131lara bilimsel \u00e7al\u0131\u015fmalar\u0131nda yol g\u00f6stermektedir.<\/p>\n","protected":false},"author":2,"featured_media":0,"parent":0,"menu_order":0,"comment_status":"closed","ping_status":"closed","template":"","meta":{"footnotes":""},"class_list":["post-47","page","type-page","status-publish","czr-hentry"],"_links":{"self":[{"href":"https:\/\/bilimhane.org\/index.php\/wp-json\/wp\/v2\/pages\/47","targetHints":{"allow":["GET"]}}],"collection":[{"href":"https:\/\/bilimhane.org\/index.php\/wp-json\/wp\/v2\/pages"}],"about":[{"href":"https:\/\/bilimhane.org\/index.php\/wp-json\/wp\/v2\/types\/page"}],"author":[{"embeddable":true,"href":"https:\/\/bilimhane.org\/index.php\/wp-json\/wp\/v2\/users\/2"}],"replies":[{"embeddable":true,"href":"https:\/\/bilimhane.org\/index.php\/wp-json\/wp\/v2\/comments?post=47"}],"version-history":[{"count":1,"href":"https:\/\/bilimhane.org\/index.php\/wp-json\/wp\/v2\/pages\/47\/revisions"}],"predecessor-version":[{"id":48,"href":"https:\/\/bilimhane.org\/index.php\/wp-json\/wp\/v2\/pages\/47\/revisions\/48"}],"wp:attachment":[{"href":"https:\/\/bilimhane.org\/index.php\/wp-json\/wp\/v2\/media?parent=47"}],"curies":[{"name":"wp","href":"https:\/\/api.w.org\/{rel}","templated":true}]}}