{"id":49,"date":"2024-11-08T11:24:15","date_gmt":"2024-11-08T11:24:15","guid":{"rendered":"https:\/\/bilimhane.org\/?page_id=49"},"modified":"2024-11-08T11:24:15","modified_gmt":"2024-11-08T11:24:15","slug":"bilimsel-haberler-ve-guncellemeler","status":"publish","type":"page","link":"https:\/\/bilimhane.org\/index.php\/bilimsel-haberler-ve-guncellemeler\/","title":{"rendered":"Bilimsel Haberler ve G\u00fcncellemeler"},"content":{"rendered":"<p>Bilim d\u00fcnyas\u0131nda ve Bilimhane b\u00fcnyesinde meydana gelen geli\u015fmeleri bu b\u00f6l\u00fcmde takip edebilirsiniz. Yeni bulu\u015flar, \u00f6nemli projeler ve derne\u011fimizin bilimsel aktiviteleri hakk\u0131nda en g\u00fcncel bilgiler burada yer almaktad\u0131r.<\/p>\n","protected":false},"excerpt":{"rendered":"<p>Bilim d\u00fcnyas\u0131nda ve Bilimhane b\u00fcnyesinde meydana gelen geli\u015fmeleri bu b\u00f6l\u00fcmde takip edebilirsiniz. Yeni bulu\u015flar, \u00f6nemli projeler ve derne\u011fimizin bilimsel aktiviteleri hakk\u0131nda en g\u00fcncel bilgiler burada yer almaktad\u0131r.<\/p>\n","protected":false},"author":2,"featured_media":0,"parent":0,"menu_order":0,"comment_status":"closed","ping_status":"closed","template":"","meta":{"footnotes":""},"class_list":["post-49","page","type-page","status-publish","czr-hentry"],"_links":{"self":[{"href":"https:\/\/bilimhane.org\/index.php\/wp-json\/wp\/v2\/pages\/49","targetHints":{"allow":["GET"]}}],"collection":[{"href":"https:\/\/bilimhane.org\/index.php\/wp-json\/wp\/v2\/pages"}],"about":[{"href":"https:\/\/bilimhane.org\/index.php\/wp-json\/wp\/v2\/types\/page"}],"author":[{"embeddable":true,"href":"https:\/\/bilimhane.org\/index.php\/wp-json\/wp\/v2\/users\/2"}],"replies":[{"embeddable":true,"href":"https:\/\/bilimhane.org\/index.php\/wp-json\/wp\/v2\/comments?post=49"}],"version-history":[{"count":1,"href":"https:\/\/bilimhane.org\/index.php\/wp-json\/wp\/v2\/pages\/49\/revisions"}],"predecessor-version":[{"id":50,"href":"https:\/\/bilimhane.org\/index.php\/wp-json\/wp\/v2\/pages\/49\/revisions\/50"}],"wp:attachment":[{"href":"https:\/\/bilimhane.org\/index.php\/wp-json\/wp\/v2\/media?parent=49"}],"curies":[{"name":"wp","href":"https:\/\/api.w.org\/{rel}","templated":true}]}}