{"id":51,"date":"2024-11-08T11:25:09","date_gmt":"2024-11-08T11:25:09","guid":{"rendered":"https:\/\/bilimhane.org\/?page_id=51"},"modified":"2024-11-08T11:25:09","modified_gmt":"2024-11-08T11:25:09","slug":"blog-ve-akademik-yorumlar","status":"publish","type":"page","link":"https:\/\/bilimhane.org\/index.php\/blog-ve-akademik-yorumlar\/","title":{"rendered":"Blog ve Akademik Yorumlar"},"content":{"rendered":"<p>Bilimhane \u00fcyelerinin bilimsel konulardaki g\u00f6r\u00fc\u015flerini, ara\u015ft\u0131rma sonu\u00e7lar\u0131n\u0131 ve akademik tart\u0131\u015fmalar\u0131n\u0131 i\u00e7eren yaz\u0131lar bu b\u00f6l\u00fcmde payla\u015f\u0131lmaktad\u0131r. Blog, bilim d\u00fcnyas\u0131ndaki yeni trendler hakk\u0131nda g\u00fcncel bilgi sunmakta ve ele\u015ftirel bir bak\u0131\u015f a\u00e7\u0131s\u0131yla bilimsel i\u00e7erik sa\u011flamaktad\u0131r.<\/p>\n","protected":false},"excerpt":{"rendered":"<p>Bilimhane \u00fcyelerinin bilimsel konulardaki g\u00f6r\u00fc\u015flerini, ara\u015ft\u0131rma sonu\u00e7lar\u0131n\u0131 ve akademik tart\u0131\u015fmalar\u0131n\u0131 i\u00e7eren yaz\u0131lar bu b\u00f6l\u00fcmde payla\u015f\u0131lmaktad\u0131r. Blog, bilim d\u00fcnyas\u0131ndaki yeni trendler hakk\u0131nda g\u00fcncel bilgi sunmakta ve ele\u015ftirel bir bak\u0131\u015f a\u00e7\u0131s\u0131yla bilimsel i\u00e7erik sa\u011flamaktad\u0131r.<\/p>\n","protected":false},"author":2,"featured_media":0,"parent":0,"menu_order":0,"comment_status":"closed","ping_status":"closed","template":"","meta":{"footnotes":""},"class_list":["post-51","page","type-page","status-publish","czr-hentry"],"_links":{"self":[{"href":"https:\/\/bilimhane.org\/index.php\/wp-json\/wp\/v2\/pages\/51","targetHints":{"allow":["GET"]}}],"collection":[{"href":"https:\/\/bilimhane.org\/index.php\/wp-json\/wp\/v2\/pages"}],"about":[{"href":"https:\/\/bilimhane.org\/index.php\/wp-json\/wp\/v2\/types\/page"}],"author":[{"embeddable":true,"href":"https:\/\/bilimhane.org\/index.php\/wp-json\/wp\/v2\/users\/2"}],"replies":[{"embeddable":true,"href":"https:\/\/bilimhane.org\/index.php\/wp-json\/wp\/v2\/comments?post=51"}],"version-history":[{"count":1,"href":"https:\/\/bilimhane.org\/index.php\/wp-json\/wp\/v2\/pages\/51\/revisions"}],"predecessor-version":[{"id":52,"href":"https:\/\/bilimhane.org\/index.php\/wp-json\/wp\/v2\/pages\/51\/revisions\/52"}],"wp:attachment":[{"href":"https:\/\/bilimhane.org\/index.php\/wp-json\/wp\/v2\/media?parent=51"}],"curies":[{"name":"wp","href":"https:\/\/api.w.org\/{rel}","templated":true}]}}