{"id":53,"date":"2024-11-08T11:25:31","date_gmt":"2024-11-08T11:25:31","guid":{"rendered":"https:\/\/bilimhane.org\/?page_id=53"},"modified":"2024-11-08T11:25:31","modified_gmt":"2024-11-08T11:25:31","slug":"iletisim-ve-geri-bildirim","status":"publish","type":"page","link":"https:\/\/bilimhane.org\/index.php\/iletisim-ve-geri-bildirim\/","title":{"rendered":"\u0130leti\u015fim ve Geri Bildirim"},"content":{"rendered":"<p>Bilimhane ile ileti\u015fime ge\u00e7mek veya etkinliklerimiz, projelerimiz hakk\u0131nda bilgi almak i\u00e7in bu b\u00f6l\u00fcm\u00fc kullanabilirsiniz. Sorular\u0131n\u0131z\u0131 ve geri bildirimlerinizi bizimle payla\u015farak, derne\u011fimizin geli\u015fimine katk\u0131da bulunabilirsiniz.<\/p>\n","protected":false},"excerpt":{"rendered":"<p>Bilimhane ile ileti\u015fime ge\u00e7mek veya etkinliklerimiz, projelerimiz hakk\u0131nda bilgi almak i\u00e7in bu b\u00f6l\u00fcm\u00fc kullanabilirsiniz. Sorular\u0131n\u0131z\u0131 ve geri bildirimlerinizi bizimle payla\u015farak, derne\u011fimizin geli\u015fimine katk\u0131da bulunabilirsiniz.<\/p>\n","protected":false},"author":2,"featured_media":0,"parent":0,"menu_order":0,"comment_status":"closed","ping_status":"closed","template":"","meta":{"footnotes":""},"class_list":["post-53","page","type-page","status-publish","czr-hentry"],"_links":{"self":[{"href":"https:\/\/bilimhane.org\/index.php\/wp-json\/wp\/v2\/pages\/53","targetHints":{"allow":["GET"]}}],"collection":[{"href":"https:\/\/bilimhane.org\/index.php\/wp-json\/wp\/v2\/pages"}],"about":[{"href":"https:\/\/bilimhane.org\/index.php\/wp-json\/wp\/v2\/types\/page"}],"author":[{"embeddable":true,"href":"https:\/\/bilimhane.org\/index.php\/wp-json\/wp\/v2\/users\/2"}],"replies":[{"embeddable":true,"href":"https:\/\/bilimhane.org\/index.php\/wp-json\/wp\/v2\/comments?post=53"}],"version-history":[{"count":1,"href":"https:\/\/bilimhane.org\/index.php\/wp-json\/wp\/v2\/pages\/53\/revisions"}],"predecessor-version":[{"id":54,"href":"https:\/\/bilimhane.org\/index.php\/wp-json\/wp\/v2\/pages\/53\/revisions\/54"}],"wp:attachment":[{"href":"https:\/\/bilimhane.org\/index.php\/wp-json\/wp\/v2\/media?parent=53"}],"curies":[{"name":"wp","href":"https:\/\/api.w.org\/{rel}","templated":true}]}}