{"id":55,"date":"2024-11-08T11:25:56","date_gmt":"2024-11-08T11:25:56","guid":{"rendered":"https:\/\/bilimhane.org\/?page_id=55"},"modified":"2024-11-08T11:25:56","modified_gmt":"2024-11-08T11:25:56","slug":"akademik-kariyer-firsatlari","status":"publish","type":"page","link":"https:\/\/bilimhane.org\/index.php\/akademik-kariyer-firsatlari\/","title":{"rendered":"Akademik Kariyer F\u0131rsatlar\u0131"},"content":{"rendered":"<p>Bilimhane, bilimsel projelerde g\u00f6rev almak isteyen ara\u015ft\u0131rmac\u0131lara ve bilim insanlar\u0131na \u00e7e\u015fitli kariyer f\u0131rsatlar\u0131 sunmaktad\u0131r. G\u00f6n\u00fcll\u00fc ara\u015ft\u0131rma pozisyonlar\u0131, staj imkanlar\u0131 ve proje asistanl\u0131klar\u0131 hakk\u0131nda bilgi alarak bilimsel kariyerinize katk\u0131 sa\u011flayabilirsiniz.<\/p>\n","protected":false},"excerpt":{"rendered":"<p>Bilimhane, bilimsel projelerde g\u00f6rev almak isteyen ara\u015ft\u0131rmac\u0131lara ve bilim insanlar\u0131na \u00e7e\u015fitli kariyer f\u0131rsatlar\u0131 sunmaktad\u0131r. G\u00f6n\u00fcll\u00fc ara\u015ft\u0131rma pozisyonlar\u0131, staj imkanlar\u0131 ve proje asistanl\u0131klar\u0131 hakk\u0131nda bilgi alarak bilimsel kariyerinize katk\u0131 sa\u011flayabilirsiniz.<\/p>\n","protected":false},"author":2,"featured_media":0,"parent":0,"menu_order":0,"comment_status":"closed","ping_status":"closed","template":"","meta":{"footnotes":""},"class_list":["post-55","page","type-page","status-publish","czr-hentry"],"_links":{"self":[{"href":"https:\/\/bilimhane.org\/index.php\/wp-json\/wp\/v2\/pages\/55","targetHints":{"allow":["GET"]}}],"collection":[{"href":"https:\/\/bilimhane.org\/index.php\/wp-json\/wp\/v2\/pages"}],"about":[{"href":"https:\/\/bilimhane.org\/index.php\/wp-json\/wp\/v2\/types\/page"}],"author":[{"embeddable":true,"href":"https:\/\/bilimhane.org\/index.php\/wp-json\/wp\/v2\/users\/2"}],"replies":[{"embeddable":true,"href":"https:\/\/bilimhane.org\/index.php\/wp-json\/wp\/v2\/comments?post=55"}],"version-history":[{"count":1,"href":"https:\/\/bilimhane.org\/index.php\/wp-json\/wp\/v2\/pages\/55\/revisions"}],"predecessor-version":[{"id":56,"href":"https:\/\/bilimhane.org\/index.php\/wp-json\/wp\/v2\/pages\/55\/revisions\/56"}],"wp:attachment":[{"href":"https:\/\/bilimhane.org\/index.php\/wp-json\/wp\/v2\/media?parent=55"}],"curies":[{"name":"wp","href":"https:\/\/api.w.org\/{rel}","templated":true}]}}