{"id":59,"date":"2024-11-08T11:26:31","date_gmt":"2024-11-08T11:26:31","guid":{"rendered":"https:\/\/bilimhane.org\/?page_id=59"},"modified":"2024-11-08T11:26:44","modified_gmt":"2024-11-08T11:26:44","slug":"dijital-kutuphane","status":"publish","type":"page","link":"https:\/\/bilimhane.org\/index.php\/dijital-kutuphane\/","title":{"rendered":"Dijital K\u00fct\u00fcphane"},"content":{"rendered":"<p>Bilimhane\u2019nin dijital k\u00fct\u00fcphanesi, bilimsel makaleler, kitaplar ve akademik kaynaklar i\u00e7ermektedir. Ara\u015ft\u0131rmac\u0131lar ve bilim merakl\u0131lar\u0131 i\u00e7in geni\u015f bir bilgi yelpazesi sunan bu k\u00fct\u00fcphane, ara\u015ft\u0131rmalar i\u00e7in \u00f6nemli bir kaynak sa\u011flamaktad\u0131r.<\/p>\n","protected":false},"excerpt":{"rendered":"<p>Bilimhane\u2019nin dijital k\u00fct\u00fcphanesi, bilimsel makaleler, kitaplar ve akademik kaynaklar i\u00e7ermektedir. Ara\u015ft\u0131rmac\u0131lar ve bilim merakl\u0131lar\u0131 i\u00e7in geni\u015f bir bilgi yelpazesi sunan bu k\u00fct\u00fcphane, ara\u015ft\u0131rmalar i\u00e7in \u00f6nemli bir kaynak sa\u011flamaktad\u0131r.<\/p>\n","protected":false},"author":2,"featured_media":0,"parent":0,"menu_order":0,"comment_status":"closed","ping_status":"closed","template":"","meta":{"footnotes":""},"class_list":["post-59","page","type-page","status-publish","czr-hentry"],"_links":{"self":[{"href":"https:\/\/bilimhane.org\/index.php\/wp-json\/wp\/v2\/pages\/59","targetHints":{"allow":["GET"]}}],"collection":[{"href":"https:\/\/bilimhane.org\/index.php\/wp-json\/wp\/v2\/pages"}],"about":[{"href":"https:\/\/bilimhane.org\/index.php\/wp-json\/wp\/v2\/types\/page"}],"author":[{"embeddable":true,"href":"https:\/\/bilimhane.org\/index.php\/wp-json\/wp\/v2\/users\/2"}],"replies":[{"embeddable":true,"href":"https:\/\/bilimhane.org\/index.php\/wp-json\/wp\/v2\/comments?post=59"}],"version-history":[{"count":1,"href":"https:\/\/bilimhane.org\/index.php\/wp-json\/wp\/v2\/pages\/59\/revisions"}],"predecessor-version":[{"id":60,"href":"https:\/\/bilimhane.org\/index.php\/wp-json\/wp\/v2\/pages\/59\/revisions\/60"}],"wp:attachment":[{"href":"https:\/\/bilimhane.org\/index.php\/wp-json\/wp\/v2\/media?parent=59"}],"curies":[{"name":"wp","href":"https:\/\/api.w.org\/{rel}","templated":true}]}}