{"id":86,"date":"2024-11-08T11:35:07","date_gmt":"2024-11-08T11:35:07","guid":{"rendered":"https:\/\/bilimhane.org\/?page_id=86"},"modified":"2024-11-08T11:35:07","modified_gmt":"2024-11-08T11:35:07","slug":"iletisim-ve-destek","status":"publish","type":"page","link":"https:\/\/bilimhane.org\/index.php\/iletisim-ve-destek\/","title":{"rendered":"\u0130leti\u015fim ve Destek"},"content":{"rendered":"<p>\u0130leti\u015fim ve Destek<\/p>\n","protected":false},"excerpt":{"rendered":"<p>\u0130leti\u015fim ve Destek<\/p>\n","protected":false},"author":2,"featured_media":0,"parent":0,"menu_order":0,"comment_status":"closed","ping_status":"closed","template":"","meta":{"footnotes":""},"class_list":["post-86","page","type-page","status-publish","czr-hentry"],"_links":{"self":[{"href":"https:\/\/bilimhane.org\/index.php\/wp-json\/wp\/v2\/pages\/86","targetHints":{"allow":["GET"]}}],"collection":[{"href":"https:\/\/bilimhane.org\/index.php\/wp-json\/wp\/v2\/pages"}],"about":[{"href":"https:\/\/bilimhane.org\/index.php\/wp-json\/wp\/v2\/types\/page"}],"author":[{"embeddable":true,"href":"https:\/\/bilimhane.org\/index.php\/wp-json\/wp\/v2\/users\/2"}],"replies":[{"embeddable":true,"href":"https:\/\/bilimhane.org\/index.php\/wp-json\/wp\/v2\/comments?post=86"}],"version-history":[{"count":1,"href":"https:\/\/bilimhane.org\/index.php\/wp-json\/wp\/v2\/pages\/86\/revisions"}],"predecessor-version":[{"id":88,"href":"https:\/\/bilimhane.org\/index.php\/wp-json\/wp\/v2\/pages\/86\/revisions\/88"}],"wp:attachment":[{"href":"https:\/\/bilimhane.org\/index.php\/wp-json\/wp\/v2\/media?parent=86"}],"curies":[{"name":"wp","href":"https:\/\/api.w.org\/{rel}","templated":true}]}}